{"id":8,"date":"2024-02-20T11:44:19","date_gmt":"2024-02-20T11:44:19","guid":{"rendered":"https:\/\/info.raklap.hu\/?page_id=2"},"modified":"2024-02-21T17:08:27","modified_gmt":"2024-02-21T16:08:27","slug":"infoblokk","status":"publish","type":"page","link":"https:\/\/raklap.hu\/?page_id=8","title":{"rendered":"Infoblokk"},"content":{"rendered":"\n<p class=\"has-large-font-size\"><strong>GINOP-8.3.5-18\/B azonos\u00edt\u00f3 jel\u0171 Mikro-, kis- \u00e9s k\u00f6z\u00e9pv\u00e1llalkoz\u00e1sok technol\u00f3giai korszer\u0171s\u00edt\u00e9se c\u00e9l\u00fa Hitelprogram<\/strong><\/p>\n\n\n\n<p>A<strong>&nbsp;<\/strong>Frimex Palett Kft. sikeresen p\u00e1ly\u00e1zott a&nbsp;<strong>Mikro-, kis- \u00e9s k\u00f6z\u00e9pv\u00e1llalkoz\u00e1sok Technol\u00f3giai korszer\u0171s\u00edt\u00e9se c\u00e9l\u00fa Hitelprogramban (GINOP-8.3.5-18 &nbsp;\u2019B\u2019 hitelc\u00e9l)<\/strong>, melynek keret\u00e9ben 85 milli\u00f3 forint \u00f6sszeg\u0171, kamatmentes, forg\u00f3eszk\u00f6z finansz\u00edroz\u00e1sra felhaszn\u00e1lhat\u00f3 k\u00f6lcs\u00f6nt vehet ig\u00e9nybe. Az elnyert kamatmentes hitel \u00f6sszege:&nbsp;<strong>85.000.000 Ft<\/strong>. <\/p>\n\n\n\n<p>A finansz\u00edroz\u00e1s c\u00e9lja: &nbsp;A megv\u00e1ltozott gazdas\u00e1gi helyzetben, a biztons\u00e1gos gazd\u00e1lkod\u00e1shoz \u00e9s a versenyk\u00e9pess\u00e9g megtart\u00e1s\u00e1hoz sz\u00fcks\u00e9ges \u00faj forr\u00e1s bevon\u00e1sa.<\/p>\n\n\n\n<p>Ad\u00f3s neve: Frimex Palett Kft.<\/p>\n\n\n\n<p>Hitelprogram azonos\u00edt\u00f3 jele: GINOP-8.3.5-18\/B<\/p>\n\n\n\n<figure class=\"wp-block-image size-large\"><img loading=\"lazy\" decoding=\"async\" width=\"724\" height=\"1024\" src=\"https:\/\/raklap.hu\/wp-content\/uploads\/2024\/02\/img-75475785-5700-2779-724x1024.jpeg\" alt=\"\" class=\"wp-image-54\" srcset=\"https:\/\/raklap.hu\/wp-content\/uploads\/2024\/02\/img-75475785-5700-2779-724x1024.jpeg 724w, https:\/\/raklap.hu\/wp-content\/uploads\/2024\/02\/img-75475785-5700-2779-212x300.jpeg 212w, https:\/\/raklap.hu\/wp-content\/uploads\/2024\/02\/img-75475785-5700-2779-768x1087.jpeg 768w, https:\/\/raklap.hu\/wp-content\/uploads\/2024\/02\/img-75475785-5700-2779-1086x1536.jpeg 1086w, https:\/\/raklap.hu\/wp-content\/uploads\/2024\/02\/img-75475785-5700-2779.jpeg 1234w\" sizes=\"auto, (max-width: 724px) 100vw, 724px\" \/><\/figure>\n\n\n\n<p><\/p>\n","protected":false},"excerpt":{"rendered":"<p>GINOP-8.3.5-18\/B azonos\u00edt\u00f3 jel\u0171 Mikro-, kis- \u00e9s k\u00f6z\u00e9pv\u00e1llalkoz\u00e1sok technol\u00f3giai korszer\u0171s\u00edt\u00e9se c\u00e9l\u00fa Hitelprogram A&nbsp;Frimex Palett Kft. sikeresen p\u00e1ly\u00e1zott a&nbsp;Mikro-, kis- \u00e9s k\u00f6z\u00e9pv\u00e1llalkoz\u00e1sok Technol\u00f3giai korszer\u0171s\u00edt\u00e9se c\u00e9l\u00fa Hitelprogramban (GINOP-8.3.5-18 &nbsp;\u2019B\u2019 hitelc\u00e9l), melynek keret\u00e9ben 85 milli\u00f3 forint \u00f6sszeg\u0171, kamatmentes, forg\u00f3eszk\u00f6z finansz\u00edroz\u00e1sra felhaszn\u00e1lhat\u00f3 k\u00f6lcs\u00f6nt vehet ig\u00e9nybe. Az elnyert kamatmentes hitel \u00f6sszege:&nbsp;85.000.000 Ft. A finansz\u00edroz\u00e1s c\u00e9lja: &nbsp;A megv\u00e1ltozott gazdas\u00e1gi helyzetben, a biztons\u00e1gos [&hellip;]<\/p>\n","protected":false},"author":1,"featured_media":0,"parent":0,"menu_order":0,"comment_status":"closed","ping_status":"closed","template":"","meta":{"footnotes":""},"class_list":["post-8","page","type-page","status-publish","hentry"],"_links":{"self":[{"href":"https:\/\/raklap.hu\/index.php?rest_route=\/wp\/v2\/pages\/8","targetHints":{"allow":["GET"]}}],"collection":[{"href":"https:\/\/raklap.hu\/index.php?rest_route=\/wp\/v2\/pages"}],"about":[{"href":"https:\/\/raklap.hu\/index.php?rest_route=\/wp\/v2\/types\/page"}],"author":[{"embeddable":true,"href":"https:\/\/raklap.hu\/index.php?rest_route=\/wp\/v2\/users\/1"}],"replies":[{"embeddable":true,"href":"https:\/\/raklap.hu\/index.php?rest_route=%2Fwp%2Fv2%2Fcomments&post=8"}],"version-history":[{"count":3,"href":"https:\/\/raklap.hu\/index.php?rest_route=\/wp\/v2\/pages\/8\/revisions"}],"predecessor-version":[{"id":56,"href":"https:\/\/raklap.hu\/index.php?rest_route=\/wp\/v2\/pages\/8\/revisions\/56"}],"wp:attachment":[{"href":"https:\/\/raklap.hu\/index.php?rest_route=%2Fwp%2Fv2%2Fmedia&parent=8"}],"curies":[{"name":"wp","href":"https:\/\/api.w.org\/{rel}","templated":true}]}}